{"id":36,"date":"2016-11-10T22:00:04","date_gmt":"2016-11-10T22:00:04","guid":{"rendered":"https:\/\/cieps.usac.edu.gt\/?page_id=36"},"modified":"2017-08-30T15:36:39","modified_gmt":"2017-08-30T15:36:39","slug":"informacion-general","status":"publish","type":"page","link":"https:\/\/cieps.usac.edu.gt\/","title":{"rendered":"Informaci\u00f3n general"},"content":{"rendered":"<p><img loading=\"lazy\" decoding=\"async\" class=\"alignleft wp-image-60 size-full\" src=\"https:\/\/cieps.usac.edu.gt\/wp-content\/uploads\/2016\/11\/icono-informaci\u00f3n.png\" alt=\"icono-informacion\" width=\"128\" height=\"128\" \/>El Centro de Investigaciones en Psicolog\u00eda (CIEPs) se ocupa de promover la investigaci\u00f3n a trav\u00e9s de la docencia, la asesor\u00eda y revisi\u00f3n de investigaciones con fines de graduaci\u00f3n a nivel t\u00e9cnico y de licenciatura y la realizaci\u00f3n de investigaciones de car\u00e1cter profesional en los campos de acci\u00f3n de la psicolog\u00eda. Todo ello con la finalidad de producir conocimiento psicol\u00f3gico contextualizado en Guatemala.<\/p>\n<p>&nbsp;<\/p>\n","protected":false},"excerpt":{"rendered":"<p>El Centro de Investigaciones en Psicolog\u00eda (CIEPs) se ocupa de promover la investigaci\u00f3n a trav\u00e9s de la docencia, la asesor\u00eda y revisi\u00f3n de investigaciones con fines de graduaci\u00f3n a nivel t\u00e9cnico y de licenciatura y la realizaci\u00f3n de investigaciones de<\/p>\n","protected":false},"author":1,"featured_media":0,"parent":5,"menu_order":1,"comment_status":"closed","ping_status":"closed","template":"","meta":{"footnotes":""},"_links":{"self":[{"href":"https:\/\/cieps.usac.edu.gt\/index.php?rest_route=\/wp\/v2\/pages\/36"}],"collection":[{"href":"https:\/\/cieps.usac.edu.gt\/index.php?rest_route=\/wp\/v2\/pages"}],"about":[{"href":"https:\/\/cieps.usac.edu.gt\/index.php?rest_route=\/wp\/v2\/types\/page"}],"author":[{"embeddable":true,"href":"https:\/\/cieps.usac.edu.gt\/index.php?rest_route=\/wp\/v2\/users\/1"}],"replies":[{"embeddable":true,"href":"https:\/\/cieps.usac.edu.gt\/index.php?rest_route=%2Fwp%2Fv2%2Fcomments&post=36"}],"version-history":[{"count":11,"href":"https:\/\/cieps.usac.edu.gt\/index.php?rest_route=\/wp\/v2\/pages\/36\/revisions"}],"predecessor-version":[{"id":92,"href":"https:\/\/cieps.usac.edu.gt\/index.php?rest_route=\/wp\/v2\/pages\/36\/revisions\/92"}],"up":[{"embeddable":true,"href":"https:\/\/cieps.usac.edu.gt\/index.php?rest_route=\/wp\/v2\/pages\/5"}],"wp:attachment":[{"href":"https:\/\/cieps.usac.edu.gt\/index.php?rest_route=%2Fwp%2Fv2%2Fmedia&parent=36"}],"curies":[{"name":"wp","href":"https:\/\/api.w.org\/{rel}","templated":true}]}}