{"id":38,"date":"2016-11-10T22:02:56","date_gmt":"2016-11-10T22:02:56","guid":{"rendered":"https:\/\/cieps.usac.edu.gt\/?page_id=38"},"modified":"2020-02-13T03:14:10","modified_gmt":"2020-02-13T03:14:10","slug":"revision-de-tesis","status":"publish","type":"page","link":"https:\/\/cieps.usac.edu.gt\/?page_id=38","title":{"rendered":"Gu\u00eda de Tesis"},"content":{"rendered":"<div style=\"text-align: left;\"><strong>Trabajo de Investigaci\u00f3n con Fines de Graduaci\u00f3n <\/strong><\/div>\n<div style=\"text-align: left;\"><\/div>\n<div style=\"text-align: left;\">El estudiante que desea graduarse de la Licenciatura en Psicolog\u00eda debe realizar un proyecto de investigaci\u00f3n sobre un tema, hecho o conocimiento vinculado a la realidad desde una metodolog\u00eda cuantitativa o cualitativa. Para llevar a cabo este proceso, podr\u00e1 auxiliarse de la gu\u00eda de proyecto 2020 que se encuentra en la secci\u00f3n de descargas d ela p\u00e1gina oficial de la Escuela de Ciencias Psicol\u00f3gicas.<\/div>\n","protected":false},"excerpt":{"rendered":"<p>Trabajo de Investigaci\u00f3n con Fines de Graduaci\u00f3n El estudiante que desea graduarse de la Licenciatura en Psicolog\u00eda debe realizar un proyecto de investigaci\u00f3n sobre un tema, hecho o conocimiento vinculado a la realidad desde una metodolog\u00eda cuantitativa o cualitativa. Para<\/p>\n","protected":false},"author":1,"featured_media":0,"parent":0,"menu_order":2,"comment_status":"closed","ping_status":"closed","template":"","meta":{"footnotes":""},"_links":{"self":[{"href":"https:\/\/cieps.usac.edu.gt\/index.php?rest_route=\/wp\/v2\/pages\/38"}],"collection":[{"href":"https:\/\/cieps.usac.edu.gt\/index.php?rest_route=\/wp\/v2\/pages"}],"about":[{"href":"https:\/\/cieps.usac.edu.gt\/index.php?rest_route=\/wp\/v2\/types\/page"}],"author":[{"embeddable":true,"href":"https:\/\/cieps.usac.edu.gt\/index.php?rest_route=\/wp\/v2\/users\/1"}],"replies":[{"embeddable":true,"href":"https:\/\/cieps.usac.edu.gt\/index.php?rest_route=%2Fwp%2Fv2%2Fcomments&post=38"}],"version-history":[{"count":7,"href":"https:\/\/cieps.usac.edu.gt\/index.php?rest_route=\/wp\/v2\/pages\/38\/revisions"}],"predecessor-version":[{"id":109,"href":"https:\/\/cieps.usac.edu.gt\/index.php?rest_route=\/wp\/v2\/pages\/38\/revisions\/109"}],"wp:attachment":[{"href":"https:\/\/cieps.usac.edu.gt\/index.php?rest_route=%2Fwp%2Fv2%2Fmedia&parent=38"}],"curies":[{"name":"wp","href":"https:\/\/api.w.org\/{rel}","templated":true}]}}